{"id":411,"date":"2024-02-15T14:35:42","date_gmt":"2024-02-15T13:35:42","guid":{"rendered":"https:\/\/auxinam.com\/startseite\/"},"modified":"2025-06-11T11:35:01","modified_gmt":"2025-06-11T09:35:01","slug":"startseite","status":"publish","type":"page","link":"https:\/\/auxinam.com\/de\/","title":{"rendered":"Startseite"},"content":{"rendered":"<p><img decoding=\"async\" src=\"\/wp-content\/uploads\/2024\/03\/AUXINAM-RGB_white-1.svg\" alt=\"\"><\/p>\n<div>\n<p>Auxinam AG ist ein Family Office, welches Unternehmen, Projekte und gemeinn\u00fctzige Organisationen unterst\u00fctzt.<\/p>\n<\/div>\n<p><a href=\"#vision\"><img decoding=\"async\" src=\"\/wp-content\/uploads\/2024\/04\/arrow_white-blue.svg\" alt=\"\"><\/a><br \/>\n<img decoding=\"async\" src=\"\/wp-content\/uploads\/2024\/05\/vision.jpg\" alt=\"\"><\/p>\n<h2>Vision &amp; Values<\/h2>\n<div>\n<p>Wir unterst\u00fctzen Menschen und Unternehmen, welche mit ihrem Engagement und ihrem innovativen Vorgehen eine positive Zukunft mitgestalten wollen.<\/p>\n<\/div>\n<div>\n<p>Auxinam verk\u00f6rpert die Werte Integrit\u00e4t, Transparenz und Nachhaltigkeit. Diese bilden das Fundament unserer Arbeit.<\/p>\n<\/div>\n<div>\n<p>Gleichzeitig dienen uns diese Kernwerte als Kompass, der uns durch eine dynamische Landschaft f\u00fchrt und alle unsere Entscheidungen beeinflusst, sowohl pers\u00f6nlich als auch beruflich.<\/p>\n<\/div>\n<h2>Business<\/h2>\n<div>\n<p>Wir sind auf die Transformation von Unternehmen und die Unterst\u00fctzung von Wachstumsstrategien in verschiedenen M\u00e4rkten spezialisiert. Auxinam investiert in etablierte Unternehmen, Startups und aufstrebende Firmen weltweit.<\/p>\n<p>Unsere Dienstleistungen bieten eine strategische Diversifizierung, Zugang zu Ressourcen und Expertise. Wir f\u00f6rdern langfristige Partnerschaften, die auf Wertsch\u00f6pfung und nachhaltiges Wachstum ausgerichtet sind.<\/p>\n<\/div>\n<h2>Projects<\/h2>\n<div>\n<p>Wir entwickeln Strategien und entwerfen Projekte mit einer langfristigen Vision und nutzen die Chancen f\u00fcr nachhaltiges Wachstum. Unser Fokus liegt auf Effizienz, Qualit\u00e4t und Innovation, um dynamische Unternehmen zu f\u00f6rdern.<\/p>\n<p>Unser engagiertes Team setzt Priorit\u00e4ten und arbeitet mit Top-Spezialisten zusammen, um Ideen effektiv zu verwirklichen. Die Projekte werden sorgf\u00e4ltig entwickelt und intern oder in Partnerschaft mit unserem Netzwerk verwaltet.<\/p>\n<\/div>\n<h2>Charities<\/h2>\n<div>\n<p>Nordwand Charity, der philanthropische Zweig von Auxinam, hat es sich zur Aufgabe gemacht, weltweit das Wohlergehen durch die Unterst\u00fctzung von Einzelpersonen und gemeinn\u00fctzigen Initiativen zu f\u00f6rdern.<\/p>\n<p>Auxinam setzt sich f\u00fcr eine nachhaltige soziale Wirkung ein und m\u00f6chte einen positiven Beitrag f\u00fcr unsere Gesellschaft und k\u00fcnftige Generationen leisten.<\/p>\n<\/div>\n<p><img decoding=\"async\" src=\"\/wp-content\/uploads\/2024\/05\/nordwand_color.svg\" alt=\"\"><\/p>\n<p><!--more--><br \/>\n<!-- {\"type\":\"layout\",\"children\":[{\"type\":\"section\",\"props\":{\"header_transparent\":false,\"height\":\"viewport\",\"height_offset_top\":false,\"image_position\":\"center-center\",\"image_size\":\"cover\",\"media_background\":\"#0C3949\",\"media_blend_mode\":\"multiply\",\"media_overlay_parallax_opacity\":\"0.5\",\"overlap\":false,\"padding\":\"large\",\"padding_remove_bottom\":false,\"padding_remove_top\":false,\"preserve_color\":false,\"style\":\"default\",\"title_breakpoint\":\"xl\",\"title_position\":\"top-left\",\"title_rotation\":\"left\",\"vertical_align\":\"middle\",\"video\":\"wp-content\\\/uploads\\\/2024\\\/05\\\/hero_video.mp4\",\"width\":\"\"},\"children\":[{\"type\":\"row\",\"children\":[{\"type\":\"column\",\"props\":{\"image_position\":\"center-center\",\"position_sticky_breakpoint\":\"\"},\"children\":[{\"type\":\"image\",\"props\":{\"animation\":\"parallax\",\"css\":\"@media (max-width: 960px) {\\n .el-image {\\n \\tmax-width: 60%; \\n }\\n}\",\"image\":\"wp-content\\\/uploads\\\/2024\\\/03\\\/AUXINAM-RGB_white-1.svg\",\"image_svg_color\":\"emphasis\",\"image_width\":450,\"margin\":\"default\",\"parallax_opacity\":\"0.2\",\"text_align\":\"center\"}}]}],\"props\":{\"margin\":\"default\"}},{\"type\":\"row\",\"children\":[{\"type\":\"column\",\"props\":{\"image_position\":\"center-center\",\"position_sticky_breakpoint\":\"m\"},\"children\":[{\"type\":\"text\",\"props\":{\"animation\":\"parallax\",\"block_align\":\"center\",\"column_breakpoint\":\"m\",\"content\":\"\n\n<p>Auxinam AG ist ein Family Office, welches Unternehmen, Projekte und gemeinn\\u00fctzige Organisationen unterst\\u00fctzt.<\\\/p>\",\"css\":\".el-element {\\n  font-size: 1.5rem;    \\n}\\n\",\"margin\":\"medium\",\"maxwidth\":\"2xlarge\",\"parallax_opacity\":\"0.2\",\"text_align\":\"center\",\"text_style\":\"large\"}},{\"type\":\"image\",\"props\":{\"animation\":\"parallax\",\"block_align\":\"center\",\"css\":\".el-image {\\n    margin-bottom: 3rem;\\n}\\n\",\"image\":\"wp-content\\\/uploads\\\/2024\\\/04\\\/arrow_white-blue.svg\",\"image_hover_box_shadow\":\"medium\",\"image_loading\":false,\"image_svg_animate\":false,\"image_svg_color\":\"emphasis\",\"image_svg_inline\":false,\"image_width\":60,\"link\":\"#vision\",\"margin\":\"large\",\"margin_remove_bottom\":false,\"margin_remove_top\":false,\"maxwidth\":\"xlarge\",\"parallax_easing\":\"1\",\"parallax_opacity\":\"0.2\",\"parallax_y\":\"100\",\"text_align\":\"center\",\"text_align_breakpoint\":\"m\",\"text_align_fallback\":\"center\"}}]}],\"props\":{\"margin\":\"large\",\"margin_remove_bottom\":false,\"margin_remove_top\":false}}],\"name\":\"Hero\"},{\"name\":\"Vision & Values\",\"type\":\"section\",\"props\":{\"animation\":\"slide-bottom-medium\",\"animation_delay\":\"200\",\"id\":\"vision\",\"image_position\":\"center-center\",\"padding\":\"xlarge\",\"padding_remove_top\":false,\"preserve_color\":false,\"style\":\"primary\",\"title_breakpoint\":\"xl\",\"title_position\":\"top-left\",\"title_rotation\":\"left\",\"vertical_align\":\"middle\",\"width\":\"\"},\"children\":[{\"type\":\"row\",\"props\":{\"column_gap\":\"large\",\"layout\":\"1-2,1-2\",\"row_gap\":\"large\",\"width\":\"xlarge\"},\"children\":[{\"type\":\"column\",\"props\":{\"image_position\":\"center-center\",\"image_size\":\"cover\",\"position_sticky_breakpoint\":\"m\",\"width_medium\":\"1-2\"},\"children\":[{\"type\":\"image\",\"props\":{\"css\":\"@media (max-width: 960px) {\\n    .el-element {\\n        padding-bottom: 70px;\\n    }\\n}\",\"height_expand\":false,\"image\":\"wp-content\\\/uploads\\\/2024\\\/05\\\/vision.jpg\",\"image_box_decoration\":\"mask\",\"image_box_shadow\":\"small\",\"image_svg_animate\":true,\"image_svg_color\":\"\",\"image_svg_inline\":true,\"image_viewport_height\":false,\"margin\":\"default\",\"text_align\":\"center\",\"visibility\":\"s\"}}]},{\"type\":\"column\",\"props\":{\"image_position\":\"center-center\",\"position_sticky_breakpoint\":\"m\",\"vertical_align\":\"middle\",\"width_medium\":\"1-2\"},\"children\":[{\"type\":\"headline\",\"props\":{\"block_align\":\"center\",\"content\":\"Vision &amp; Values\",\"margin\":\"medium\",\"maxwidth\":\"xlarge\",\"parallax_breakpoint\":\"m\",\"parallax_easing\":\"1\",\"parallax_target\":\"!.uk-section\",\"parallax_y\":\"300,-150\",\"parallax_zindex\":false,\"title_element\":\"h2\",\"title_font_family\":\"default\",\"title_style\":\"heading-medium\"}},{\"type\":\"text\",\"props\":{\"block_align\":\"center\",\"column_breakpoint\":\"m\",\"content\":\"\n\n<p>Wir unterst\\u00fctzen Menschen und Unternehmen, welche mit ihrem Engagement und ihrem innovativen Vorgehen eine positive Zukunft mitgestalten wollen.<\\\/p>\",\"margin\":\"default\",\"maxwidth\":\"xlarge\",\"parallax_breakpoint\":\"m\",\"parallax_easing\":\"1\",\"parallax_target\":\"!.uk-section\",\"parallax_y\":\"300,-100\",\"parallax_zindex\":false,\"text_style\":\"large\"}},{\"type\":\"text\",\"props\":{\"block_align\":\"center\",\"column_breakpoint\":\"m\",\"content\":\"\n\n<p>Auxinam verk\\u00f6rpert die Werte Integrit\\u00e4t, Transparenz und Nachhaltigkeit. Diese bilden das Fundament unserer Arbeit.<\\\/p>\",\"margin\":\"small\",\"maxwidth\":\"xlarge\",\"parallax_breakpoint\":\"m\",\"parallax_easing\":\"1\",\"parallax_target\":\"!.uk-section\",\"parallax_y\":\"300,-100\",\"parallax_zindex\":false,\"text_style\":\"large\"}},{\"type\":\"text\",\"props\":{\"block_align\":\"center\",\"column_breakpoint\":\"m\",\"content\":\"\n\n<p>Gleichzeitig dienen uns diese Kernwerte als Kompass, der uns durch eine dynamische Landschaft f\\u00fchrt und alle unsere Entscheidungen beeinflusst, sowohl pers\\u00f6nlich als auch beruflich.<\\\/p>\",\"margin\":\"default\",\"maxwidth\":\"xlarge\",\"parallax_breakpoint\":\"m\",\"parallax_easing\":\"1\",\"parallax_target\":\"!.uk-section\",\"parallax_y\":\"300,-100\",\"text_style\":\"large\"}}]}]}]},{\"name\":\"Business\",\"type\":\"section\",\"props\":{\"animation\":\"slide-bottom-medium\",\"animation_delay\":\"200\",\"css\":\".el-section > div {\\n    background-position-x: 95%;\\n}\\n\\n@media (max-width: 640px) {\\n  \\t.el-section > div {\\n    \\tbackground-size: 90% !important;\\n\\t}  \\n}\\n\",\"header_transparent\":false,\"height\":\"viewport\",\"height_offset_top\":true,\"id\":\"business\",\"image\":\"wp-content\\\/uploads\\\/2024\\\/04\\\/text-business-1.svg\",\"image_effect\":\"parallax\",\"image_height\":176,\"image_parallax_bgy\":\"-50%,50%\",\"image_parallax_easing\":\"1\",\"image_position\":\"center-right\",\"padding\":\"xlarge\",\"padding_remove_top\":false,\"style\":\"default\",\"title_breakpoint\":\"xl\",\"title_position\":\"top-left\",\"title_rotation\":\"left\",\"vertical_align\":\"middle\",\"width\":\"small\"},\"children\":[{\"type\":\"row\",\"props\":{\"layout\":\"1-2,1-2\"},\"children\":[{\"type\":\"column\",\"props\":{\"image_position\":\"center-center\",\"position_sticky_breakpoint\":\"m\",\"width_medium\":\"1-2\"},\"children\":[{\"type\":\"headline\",\"props\":{\"content\":\"Business\",\"maxwidth\":\"small\",\"parallax_target\":\"![class*='uk-section-'] ~ [class*='uk-section-']\",\"title_color\":\"secondary\",\"title_element\":\"h2\",\"title_style\":\"heading-medium\"}}]},{\"type\":\"column\",\"props\":{\"image_position\":\"center-center\",\"position_sticky_breakpoint\":\"m\",\"width_medium\":\"1-2\"}}]},{\"type\":\"row\",\"children\":[{\"type\":\"column\",\"props\":{\"image_position\":\"center-center\",\"position_sticky_breakpoint\":\"m\",\"width_medium\":\"1-1\"},\"children\":[{\"type\":\"text\",\"props\":{\"column_breakpoint\":\"m\",\"column_divider\":false,\"content\":\"\n\n<p>Wir sind auf die Transformation von Unternehmen und die Unterst\\u00fctzung von Wachstumsstrategien in verschiedenen M\\u00e4rkten spezialisiert. Auxinam investiert in etablierte Unternehmen, Startups und aufstrebende Firmen weltweit.<\\\/p>\\n\n\n<p>Unsere Dienstleistungen bieten eine strategische Diversifizierung, Zugang zu Ressourcen und Expertise. Wir f\\u00f6rdern langfristige Partnerschaften, die auf Wertsch\\u00f6pfung und nachhaltiges Wachstum ausgerichtet sind.<\\\/p>\",\"margin\":\"medium\",\"text_style\":\"large\"}}]}]},{\"type\":\"row\",\"children\":[{\"type\":\"column\",\"props\":{\"image_position\":\"center-center\",\"position_sticky_breakpoint\":\"m\"},\"children\":[{\"type\":\"headline\",\"props\":{\"content\":\"\n\n<h2><br \\\/>Beteiligungen<\\\/h2>\",\"link\":\"https:\\\/\\\/rwai.io\\\/\",\"link_target\":true,\"margin\":\"large\",\"text_align\":\"center\",\"title_color\":\"primary\",\"title_element\":\"h1\"}},{\"type\":\"grid\",\"props\":{\"content_column_breakpoint\":\"m\",\"filter_align\":\"left\",\"filter_all\":true,\"filter_grid_breakpoint\":\"m\",\"filter_grid_width\":\"auto\",\"filter_position\":\"top\",\"filter_style\":\"tab\",\"grid_column_align\":false,\"grid_default\":\"1\",\"grid_divider\":false,\"grid_medium\":\"\",\"grid_parallax\":\"0\",\"grid_parallax_justify\":false,\"grid_row_align\":false,\"grid_small\":\"3\",\"icon_ratio\":4,\"icon_width\":80,\"image_align\":\"top\",\"image_grid_breakpoint\":\"m\",\"image_grid_width\":\"1-2\",\"image_svg_color\":\"emphasis\",\"image_svg_inline\":false,\"item_animation\":true,\"link_style\":\"default\",\"link_target\":false,\"link_text\":\"\",\"margin\":\"\",\"meta_align\":\"below-title\",\"meta_element\":\"div\",\"meta_style\":\"\",\"panel_link\":true,\"parallax_easing\":\"1\",\"show_content\":true,\"show_image\":true,\"show_link\":true,\"show_meta\":true,\"show_title\":true,\"text_align\":\"center\",\"title_align\":\"top\",\"title_element\":\"h3\",\"title_grid_breakpoint\":\"m\",\"title_grid_width\":\"1-2\",\"title_hover_style\":\"reset\"},\"children\":[{\"type\":\"grid_item\",\"props\":{\"content\":\"\n\n<p>RWAI steht f\\u00fcr Real World Artificial Intelligence, ist ein KI-Unternehmen, das B2B-Kunden mit L\\u00f6sungen und Produkten dabei unterst\\u00fctzt, effizienter zu arbeiten.<\\\/p>\",\"image\":\"wp-content\\\/uploads\\\/2025\\\/05\\\/rwai-1.png\",\"link\":\"https:\\\/\\\/rwai.io\\\/\",\"title\":\"RWAI\"}},{\"type\":\"grid_item\",\"props\":{\"content\":\"\n\n<p>Nexoya ist eine in der Schweiz ans\\u00e4ssige, KI-gest\\u00fctzte Marketing-Analyseplattform, welche die digitale Werbeleistung durch automatisierte kanal\\u00fcbergreifende Budgetzuweisung und pr\\u00e4diktive Analysen optimiert. Nexoya dient Marketing-Teams, die den Return on Ad Spend (ROAS) verbessern und das Kampagnenmanagement rationalisieren wollen.<\\\/p>\",\"image\":\"wp-content\\\/uploads\\\/2025\\\/05\\\/nexoya.png\",\"link\":\"https:\\\/\\\/www.nexoya.com\\\/\",\"title\":\"Nexoya\"}},{\"type\":\"grid_item\",\"props\":{\"content\":\"\n\n<p>Amacher &amp; Amigo bringt anspruchsvolle K\\u00e4ufer und Investoren mit den besten Immobilienangeboten auf den Kanarischen Inseln zusammen. Mit einem scharfen Auge f\\u00fcr Qualit\\u00e4t, Design und Lage stellt Amacher &amp; Amigo ein Portfolio von aussergew\\u00f6hnlichen Immobilien zusammen, die Lifestyle, Wert und zeitlose Eleganz verk\\u00f6rpern.<\\\/p>\",\"image\":\"wp-content\\\/uploads\\\/2025\\\/05\\\/Amacher-Amigo-2.png\",\"link\":\"https:\\\/\\\/www.amacher-amigo.com\",\"title\":\"Amacher & Amigo\"}}]}]}],\"props\":{\"status\":\"disabled\"}}]},{\"name\":\"Projects\",\"type\":\"section\",\"props\":{\"animation\":\"slide-bottom-medium\",\"animation_delay\":\"200\",\"css\":\".el-section > div {\\n    background-position-x: 15%;\\n}\\n\\n@media (max-width: 640px) {\\n  \\t.el-section > div {\\n    \\tbackground-size: 90% !important;\\n\\t}  \\n}\\n\",\"height\":\"viewport\",\"height_offset_top\":true,\"id\":\"projects\",\"image\":\"wp-content\\\/uploads\\\/2024\\\/04\\\/text-projects-1.svg\",\"image_effect\":\"parallax\",\"image_height\":200,\"image_parallax_bgy\":\"-50%,50%\",\"image_parallax_easing\":\"1\",\"image_position\":\"center-left\",\"media_blend_mode\":\"darken\",\"padding\":\"xlarge\",\"padding_remove_top\":false,\"preserve_color\":false,\"style\":\"secondary\",\"text_color\":\"dark\",\"title_breakpoint\":\"xl\",\"title_position\":\"top-left\",\"title_rotation\":\"left\",\"vertical_align\":\"middle\",\"width\":\"small\"},\"children\":[{\"type\":\"row\",\"props\":{\"layout\":\"1-2,1-2\"},\"children\":[{\"type\":\"column\",\"props\":{\"image_position\":\"center-center\",\"position_sticky_breakpoint\":\"m\",\"width_medium\":\"1-2\"}},{\"type\":\"column\",\"props\":{\"image_position\":\"center-center\",\"position_sticky_breakpoint\":\"m\",\"width_medium\":\"1-2\"},\"children\":[{\"type\":\"headline\",\"props\":{\"block_align\":\"right\",\"content\":\"Projects\",\"maxwidth\":\"medium\",\"parallax_target\":\"![class*='uk-section-'] ~ [class*='uk-section-']\",\"text_align\":\"right\",\"title_element\":\"h2\",\"title_style\":\"heading-medium\"}}]}]},{\"type\":\"row\",\"children\":[{\"type\":\"column\",\"props\":{\"image_position\":\"center-center\",\"position_sticky_breakpoint\":\"m\"},\"children\":[{\"type\":\"text\",\"props\":{\"column_breakpoint\":\"m\",\"content\":\"\n\n<p>Wir entwickeln Strategien und entwerfen Projekte mit einer langfristigen Vision und nutzen die Chancen f\\u00fcr nachhaltiges Wachstum. Unser Fokus liegt auf Effizienz, Qualit\\u00e4t und Innovation, um dynamische Unternehmen zu f\\u00f6rdern.<\\\/p>\\n\n\n<p>Unser engagiertes Team setzt Priorit\\u00e4ten und arbeitet mit Top-Spezialisten zusammen, um Ideen effektiv zu verwirklichen. Die Projekte werden sorgf\\u00e4ltig entwickelt und intern oder in Partnerschaft mit unserem Netzwerk verwaltet.<\\\/p>\",\"margin\":\"medium\",\"text_align\":\"left\",\"text_style\":\"large\"}}]}]}]},{\"name\":\"Charities\",\"type\":\"section\",\"props\":{\"animation\":\"slide-bottom-medium\",\"animation_delay\":\"200\",\"css\":\".el-section > div {\\n    background-position-x: 95%;\\n}\\n\\n@media (max-width: 640px) {\\n  \\t.el-section > div {\\n    \\tbackground-size: 90% !important;\\n\\t}  \\n}\\n\",\"height\":\"viewport\",\"height_offset_top\":true,\"id\":\"charities\",\"image\":\"wp-content\\\/uploads\\\/2024\\\/04\\\/text-charities-2.svg\",\"image_effect\":\"parallax\",\"image_height\":176,\"image_parallax_bgy\":\"-50%,50%\",\"image_parallax_easing\":\"1\",\"image_position\":\"center-right\",\"padding\":\"xlarge\",\"style\":\"primary\",\"title_breakpoint\":\"xl\",\"title_position\":\"top-left\",\"title_rotation\":\"left\",\"vertical_align\":\"middle\",\"width\":\"default\"},\"children\":[{\"type\":\"row\",\"props\":{\"layout\":\"1-2,1-2\"},\"children\":[{\"type\":\"column\",\"props\":{\"image_position\":\"center-center\",\"position_sticky_breakpoint\":\"m\",\"width_medium\":\"1-2\"},\"children\":[{\"type\":\"headline\",\"props\":{\"content\":\"Charities\",\"maxwidth\":\"small\",\"parallax_target\":\"![class*='uk-section-'] ~ [class*='uk-section-']\",\"title_element\":\"h2\",\"title_style\":\"heading-medium\"}}]},{\"type\":\"column\",\"props\":{\"image_position\":\"center-center\",\"position_sticky_breakpoint\":\"m\",\"width_medium\":\"1-2\"}}]},{\"type\":\"row\",\"children\":[{\"type\":\"column\",\"props\":{\"image_position\":\"center-center\",\"position_sticky_breakpoint\":\"m\",\"width_medium\":\"2-3\"},\"children\":[{\"type\":\"text\",\"props\":{\"column_breakpoint\":\"m\",\"content\":\"\n\n<p>Nordwand Charity, der philanthropische Zweig von Auxinam, hat es sich zur Aufgabe gemacht, weltweit das Wohlergehen durch die Unterst\\u00fctzung von Einzelpersonen und gemeinn\\u00fctzigen Initiativen zu f\\u00f6rdern.<\\\/p>\\n\n\n<p>Auxinam setzt sich f\\u00fcr eine nachhaltige soziale Wirkung ein und m\\u00f6chte einen positiven Beitrag f\\u00fcr unsere Gesellschaft und k\\u00fcnftige Generationen leisten.<\\\/p>\",\"margin\":\"default\",\"text_style\":\"large\"}}]},{\"type\":\"column\",\"props\":{\"image_position\":\"center-center\",\"position_sticky_breakpoint\":\"m\",\"width_medium\":\"1-3\"},\"children\":[{\"type\":\"image\",\"props\":{\"animation\":\"parallax\",\"css\":\".el-image {\\n    max-width: 300px;\\n}\\n@media (max-width: 960px) {\\n    .el-image {\\n        margin-top: 50px;\\n        max-width: 300px;\\n    }\\n}\",\"image\":\"wp-content\\\/uploads\\\/2024\\\/05\\\/nordwand_color.svg\",\"image_svg_animate\":false,\"image_svg_color\":\"\",\"image_svg_inline\":false,\"margin\":\"\",\"parallax_opacity\":\"0.001\",\"parallax_start\":\"50vh\",\"position_left\":\"-500\",\"position_top\":\"-180\",\"text_align\":\"center\",\"text_align_fallback\":\"center\"}}]}],\"props\":{\"layout\":\"2-3,1-3\",\"row_gap\":\"large\"}}]}],\"version\":\"4.3.6\"} --><\/p>\n","protected":false},"excerpt":{"rendered":"<p>Auxinam AG ist ein Family Office, welches Unternehmen, Projekte und gemeinn\u00fctzige Organisationen unterst\u00fctzt. Vision &amp; Values Wir unterst\u00fctzen Menschen und Unternehmen, welche mit ihrem Engagement und ihrem innovativen Vorgehen eine positive Zukunft mitgestalten wollen. Auxinam verk\u00f6rpert die Werte Integrit\u00e4t, Transparenz und Nachhaltigkeit. Diese bilden das Fundament unserer Arbeit. Gleichzeitig dienen uns diese Kernwerte als Kompass, [&hellip;]<\/p>\n","protected":false},"author":1,"featured_media":0,"parent":0,"menu_order":0,"comment_status":"closed","ping_status":"closed","template":"","meta":{"inline_featured_image":false,"footnotes":""},"class_list":["post-411","page","type-page","status-publish","hentry"],"_links":{"self":[{"href":"https:\/\/auxinam.com\/de\/wp-json\/wp\/v2\/pages\/411","targetHints":{"allow":["GET"]}}],"collection":[{"href":"https:\/\/auxinam.com\/de\/wp-json\/wp\/v2\/pages"}],"about":[{"href":"https:\/\/auxinam.com\/de\/wp-json\/wp\/v2\/types\/page"}],"author":[{"embeddable":true,"href":"https:\/\/auxinam.com\/de\/wp-json\/wp\/v2\/users\/1"}],"replies":[{"embeddable":true,"href":"https:\/\/auxinam.com\/de\/wp-json\/wp\/v2\/comments?post=411"}],"version-history":[{"count":29,"href":"https:\/\/auxinam.com\/de\/wp-json\/wp\/v2\/pages\/411\/revisions"}],"predecessor-version":[{"id":635,"href":"https:\/\/auxinam.com\/de\/wp-json\/wp\/v2\/pages\/411\/revisions\/635"}],"wp:attachment":[{"href":"https:\/\/auxinam.com\/de\/wp-json\/wp\/v2\/media?parent=411"}],"curies":[{"name":"wp","href":"https:\/\/api.w.org\/{rel}","templated":true}]}}